{"id":11,"date":"2017-10-13T10:07:25","date_gmt":"2017-10-13T08:07:25","guid":{"rendered":"https:\/\/www.asseco.lt\/mobis-info\/?page_id=11"},"modified":"2024-05-28T09:29:50","modified_gmt":"2024-05-28T07:29:50","slug":"dazniausiai-uzduodami-klausimai","status":"publish","type":"page","link":"https:\/\/www.imobis.lt\/mobis-info\/dazniausiai-uzduodami-klausimai","title":{"rendered":"Da\u017enai u\u017eduodami klausimai"},"content":{"rendered":"<p><strong>Kas yra MOBIS ?<\/strong><br \/>\nMOBIS &#8211; tai mokykl\u0173 bibliotek\u0173 informacin\u0117 sistema. Pla\u010diau apie jos galimybes galite paskaityti <a href=\"https:\/\/www.imobis.lt\/mobis-info\/?page_id=189\">\u010dia<\/a>.<\/p>\n<p><strong>Ar yra galimyb\u0117 mokiniams u\u017esakyti dokument\u0105, vadov\u0117l\u012f, valdyti savo u\u017esakymus?<\/strong><br \/>\nTaip. Tam yra skirtas elektroninis katalogas. Elektroninio katalogo pavyzd\u012f galite pamatyti <a href=\"https:\/\/www.imobis.lt\/app\/mobis\/rsamuleviciaus\">\u010dia<\/a>.<\/p>\n<p><strong>Kokios MOBIS versijos yra palaikomos \/vystomos?<\/strong><br \/>\nVystoma ir palaikoma MOBIS versija 5.<br \/>\nPalaikoma MOBIS versija 4.<\/p>\n<p><strong>Ar galima MOBIS versij\u0105 4 \u012fdiegti mokyklos bibliotekos tarnybin\u0117je stotyje?<\/strong><br \/>\nNe. MOBIS versija 4 yra pritaikyta dirbti MOBIS debesyje.<\/p>\n","protected":false},"excerpt":{"rendered":"<p>Kas yra MOBIS ? MOBIS &#8211; tai mokykl\u0173 bibliotek\u0173 informacin\u0117 sistema. Pla\u010diau apie jos galimybes galite paskaityti \u010dia. Ar yra galimyb\u0117 mokiniams u\u017esakyti dokument\u0105, vadov\u0117l\u012f, valdyti savo u\u017esakymus? Taip. Tam yra skirtas elektroninis katalogas. Elektroninio katalogo pavyzd\u012f galite pamatyti \u010dia. Kokios MOBIS versijos yra palaikomos \/vystomos? Vystoma ir palaikoma MOBIS versija 5. Palaikoma MOBIS versija &hellip; <\/p>\n<p class=\"link-more\"><a href=\"https:\/\/www.imobis.lt\/mobis-info\/dazniausiai-uzduodami-klausimai\" class=\"more-link\">Toliau skaityti<span class=\"screen-reader-text\"> &#8222;Da\u017enai u\u017eduodami klausimai&#8221;<\/span><\/a><\/p>\n","protected":false},"author":1,"featured_media":0,"parent":0,"menu_order":0,"comment_status":"closed","ping_status":"closed","template":"","meta":{"footnotes":""},"class_list":["post-11","page","type-page","status-publish","hentry"],"_links":{"self":[{"href":"https:\/\/www.imobis.lt\/mobis-info\/wp-json\/wp\/v2\/pages\/11","targetHints":{"allow":["GET"]}}],"collection":[{"href":"https:\/\/www.imobis.lt\/mobis-info\/wp-json\/wp\/v2\/pages"}],"about":[{"href":"https:\/\/www.imobis.lt\/mobis-info\/wp-json\/wp\/v2\/types\/page"}],"author":[{"embeddable":true,"href":"https:\/\/www.imobis.lt\/mobis-info\/wp-json\/wp\/v2\/users\/1"}],"replies":[{"embeddable":true,"href":"https:\/\/www.imobis.lt\/mobis-info\/wp-json\/wp\/v2\/comments?post=11"}],"version-history":[{"count":20,"href":"https:\/\/www.imobis.lt\/mobis-info\/wp-json\/wp\/v2\/pages\/11\/revisions"}],"predecessor-version":[{"id":2843,"href":"https:\/\/www.imobis.lt\/mobis-info\/wp-json\/wp\/v2\/pages\/11\/revisions\/2843"}],"wp:attachment":[{"href":"https:\/\/www.imobis.lt\/mobis-info\/wp-json\/wp\/v2\/media?parent=11"}],"curies":[{"name":"wp","href":"https:\/\/api.w.org\/{rel}","templated":true}]}}