{"id":120,"date":"2017-10-15T21:48:38","date_gmt":"2017-10-15T19:48:38","guid":{"rendered":"https:\/\/www.asseco.lt\/mobis-info\/?page_id=120"},"modified":"2024-10-07T11:31:54","modified_gmt":"2024-10-07T09:31:54","slug":"elektroninis-katalogas","status":"publish","type":"page","link":"https:\/\/www.imobis.lt\/mobis-info\/elektroninis-katalogas","title":{"rendered":"Elektroninis katalogas"},"content":{"rendered":"<p>Elektroninis katalogas &#8211; tai vie\u0161asis bibliotekos katalogas, kuris suteikia galimyb\u0119 bibliotekos skaitytojams atlikti paie\u0161k\u0105 bibliotekos kataloge, u\u017esakyti dokument\u0105 bibliotekoje bei matyti formuliaro duomenis.<\/p>\n<p><strong>Elektroninis katalogas yra<\/strong>:<\/p>\n<ul>\n<li>paprastas, intuityvus, \u0161iuolaiki\u0161kas;<\/li>\n<li>pritaikytas mobiliems \u012frenginiams.<\/li>\n<\/ul>\n<p><strong>Pagrindin\u0117s funkcijos<\/strong>:<\/p>\n<ul>\n<li>supaprastinta dokument\u0173 paie\u0161ka bibliotekos kataloge;<\/li>\n<li>paie\u0161ka i\u0161 vieno langelio;<\/li>\n<li>\u012fvedamos paie\u0161kos fraz\u0117s automatinis u\u017ebaigimas (angl. <em>autocomplete<\/em>);<\/li>\n<li>paie\u0161kos rezultat\u0173 filtravimas pagal autori\u0173, tematik\u0105, dokumento tip\u0105, kalb\u0105;<\/li>\n<li>paie\u0161kos rezultat\u0173 r\u016b\u0161iavimas pagal atitikim\u0105, pavadinim\u0105, autori\u0173;<\/li>\n<li>aktuali informacija apie bibliotekoje esan\u010dius (\u201elaisvus\u201c) dokument\u0173 egzempliorius, vadov\u0117lius;<\/li>\n<li>dokument\u0173 u\u017esakymas ir rezervavimas, vadov\u0117li\u0173 u\u017esakymas ir kt.<\/li>\n<\/ul>\n<p><strong>\u201eMano sritis\u201c \u2013 skaitytojo aktuali informacija<\/strong>:<\/p>\n<ul>\n<li>skaitomi dokumentai;<\/li>\n<li>u\u017esakymai ir rezervavimai;<\/li>\n<li>m\u0117gstamiausi\u0173 knyg\u0173 s\u0105ra\u0161o tvarkymas;<\/li>\n<li>profilio duomen\u0173 tvarkymas (slapta\u017eod\u017eio priminimas, el. pa\u0161to adreso keitimas).<\/li>\n<\/ul>\n<p><a href=\"https:\/\/www.imobis.lt\/app\/mobis\/elkatalogas\" target=\"_blank\" rel=\"noopener\">Elektroninio katalogo pavyzdys<\/a><\/p>\n","protected":false},"excerpt":{"rendered":"<p>Elektroninis katalogas &#8211; tai vie\u0161asis bibliotekos katalogas, kuris suteikia galimyb\u0119 bibliotekos skaitytojams atlikti paie\u0161k\u0105 bibliotekos kataloge, u\u017esakyti dokument\u0105 bibliotekoje bei matyti formuliaro duomenis. Elektroninis katalogas yra: paprastas, intuityvus, \u0161iuolaiki\u0161kas; pritaikytas mobiliems \u012frenginiams. Pagrindin\u0117s funkcijos: supaprastinta dokument\u0173 paie\u0161ka bibliotekos kataloge; paie\u0161ka i\u0161 vieno langelio; \u012fvedamos paie\u0161kos fraz\u0117s automatinis u\u017ebaigimas (angl. autocomplete); paie\u0161kos rezultat\u0173 filtravimas pagal autori\u0173, &hellip; <\/p>\n<p class=\"link-more\"><a href=\"https:\/\/www.imobis.lt\/mobis-info\/elektroninis-katalogas\" class=\"more-link\">Toliau skaityti<span class=\"screen-reader-text\"> &#8222;Elektroninis katalogas&#8221;<\/span><\/a><\/p>\n","protected":false},"author":3,"featured_media":0,"parent":0,"menu_order":0,"comment_status":"closed","ping_status":"closed","template":"","meta":{"footnotes":""},"class_list":["post-120","page","type-page","status-publish","hentry"],"_links":{"self":[{"href":"https:\/\/www.imobis.lt\/mobis-info\/wp-json\/wp\/v2\/pages\/120","targetHints":{"allow":["GET"]}}],"collection":[{"href":"https:\/\/www.imobis.lt\/mobis-info\/wp-json\/wp\/v2\/pages"}],"about":[{"href":"https:\/\/www.imobis.lt\/mobis-info\/wp-json\/wp\/v2\/types\/page"}],"author":[{"embeddable":true,"href":"https:\/\/www.imobis.lt\/mobis-info\/wp-json\/wp\/v2\/users\/3"}],"replies":[{"embeddable":true,"href":"https:\/\/www.imobis.lt\/mobis-info\/wp-json\/wp\/v2\/comments?post=120"}],"version-history":[{"count":13,"href":"https:\/\/www.imobis.lt\/mobis-info\/wp-json\/wp\/v2\/pages\/120\/revisions"}],"predecessor-version":[{"id":2974,"href":"https:\/\/www.imobis.lt\/mobis-info\/wp-json\/wp\/v2\/pages\/120\/revisions\/2974"}],"wp:attachment":[{"href":"https:\/\/www.imobis.lt\/mobis-info\/wp-json\/wp\/v2\/media?parent=120"}],"curies":[{"name":"wp","href":"https:\/\/api.w.org\/{rel}","templated":true}]}}