{"id":189,"date":"2017-10-20T12:56:28","date_gmt":"2017-10-20T10:56:28","guid":{"rendered":"https:\/\/www.imobis.lt\/mobis-info\/?page_id=189"},"modified":"2017-11-08T15:42:27","modified_gmt":"2017-11-08T13:42:27","slug":"mobis-funkcionalumas","status":"publish","type":"page","link":"https:\/\/www.imobis.lt\/mobis-info\/mobis-funkcionalumas","title":{"rendered":"MOBIS funkcionalumas"},"content":{"rendered":"<p style=\"text-align: left;\">MOBIS programin\u0117 \u012franga yra skirta nedidelei mokyklos ar organizacijos bibliotekai. \u0160i programin\u0117 \u012franga padeda pakeisti tradicinius bibliotekos darbo metodus, \u017eengti svarb\u0173 \u017eingsn\u012f \u012f informacini\u0173 technologij\u0173 am\u017ei\u0173 ir leid\u017eia visi\u0161kai automatizuoti bibliotekos darb\u0105: kataloguoti, komplektuoti fondus, aptarnauti skaitytojus, pateikti katalog\u0105 intranete ir internete, apskaityti ir valdyti visus bibliotekinio darbo procesus. Sistemos pagrindas &#8211; atvirojo kodo (angl. <em>Open Source<\/em>) platforma, nereikalaujanti licencijuojam\u0173 tre\u010di\u0173j\u0173 \u0161ali\u0173 produkt\u0173.<\/p>\n<p>MOBIS leid\u017eia:<\/p>\n<p class=\"bodytext\"><strong>Kataloguoti<\/strong> &#8211; kurti ir kaupti bibliografinius \u012fra\u0161us, apra\u0161an\u010dius visus bibliotekoje saugomus dokumentus:<\/p>\n<ul>\n<li>\u012fra\u0161ai sukuriami arba kopijuojami i\u0161 kit\u0173 bibliotek\u0173 katalog\u0173;<\/li>\n<li>viename \u012fra\u0161e naudojami \u012fvairi\u0173 kalb\u0173 simboliai;<\/li>\n<li>prie \u012fra\u0161o gali b\u016bti saugomi pilnateks\u010diai dokumentai;<\/li>\n<li>\u012fra\u0161ai susiejami hierarchiniais ir lygiagre\u010diais ry\u0161iais su kitais kataloge esan\u010diais \u012fra\u0161ais;<\/li>\n<li>\u012fra\u0161ai susiejami su autoritetini\u0173 duomen\u0173 bazi\u0173 \u012fra\u0161ais;<\/li>\n<li>spausdinami dokument\u0173 s\u0105ra\u0161ai.<\/li>\n<\/ul>\n<p class=\"bodytext\"><strong>Komplektuoti<\/strong> &#8211; atlikti visas komplektavimo funkcijas:<\/p>\n<ul>\n<li>fiksuojami pagrindiniai komplektavimo duomenys (tiek\u0117jai, saugojimo vietos, egzemplioriaus b\u016bsena ir kiti koduoti duomenys);<\/li>\n<li>egzemplioriaus identifikavimui gali b\u016bti naudojami br\u016bk\u0161niniai kodai;<\/li>\n<li>registruojami periodinio dokumento numeriai;<\/li>\n<li>spausdinami komplektavimo dokumentai (u\u017esakymo, gavimo, nura\u0161ymo aktai, inventorin\u0117 knyga, bendrosios apskaitos knyga, papildoma apskaita).<\/li>\n<\/ul>\n<p class=\"bodytext\"><strong>Ie\u0161koti<\/strong> &#8211; surasti kataloge apra\u0161ytus dokumentus pagal \u012fvairius \u012fra\u0161o, komplektavimo duomenis bei pasinaudojant vienar\u016b\u0161i\u0173 tekst\u0173 s\u0105ra\u0161ais (temos, autoriai, reik\u0161miniai \u017eod\u017eiai), nurodant:<\/p>\n<ul>\n<li>autori\u0173, antra\u0161t\u0119, tem\u0105, leid\u0117j\u0105 ar pan.;<\/li>\n<li>\u012fra\u0161o suk\u016brimo arba keitimo datas;<\/li>\n<li>egzempliori\u0173 gavimo, nura\u0161ymo aktus ar datas;<\/li>\n<li>dokument\u0173 tiek\u0117jus ir kt.<\/li>\n<\/ul>\n<p><strong>Surasti ir spausdinti nauj\u0173 dokument\u0173 s\u0105ra\u0161us<\/strong>, teminius ar kt. s\u0105ra\u0161us, u\u017esakyt\u0173, bet dar negaut\u0173 dokument\u0173 s\u0105ra\u0161us.<\/p>\n<p class=\"bodytext\"><strong>Aptarnauti skaitytojus<\/strong> \u2013 fiksuoti duomenis apie dokument\u0173 i\u0161davim\u0105\/gr\u0105\u017einim\u0105:<\/p>\n<ul>\n<li>registruojami skaitytojai;<\/li>\n<li>priimami skaitytoj\u0173 u\u017esakymai;<\/li>\n<li>fiksuojamas dokument\u0173 i\u0161davimas, prat\u0119simas, gr\u0105\u017einimas;<\/li>\n<li>formuojami skaitytoj\u0173 formuliarai;<\/li>\n<li>surandami skaitytojai pagal registravimo duomenis;<\/li>\n<li>spausdinami skaitytoj\u0173-skolinink\u0173 s\u0105ra\u0161ai;<\/li>\n<li>skai\u010diuojama dokument\u0173 i\u0161duoties statistika.<\/li>\n<\/ul>\n<p><strong>Administruoti sistem\u0105<\/strong> \u2013 valdyti sistemos naudotoj\u0173 \u012fgaliojimus, pildyti koduot\u0173 duomen\u0173 s\u0105ra\u0161us, keisti spausdinam\u0173 dokument\u0173 formas.<\/p>\n<p><strong>Pasinaudoti elektroninio katalogo <\/strong>teikiamomis<strong> paslaugomis<\/strong>:<\/p>\n<ul>\n<li>ie\u0161koti reikiam\u0173 dokument\u0173;<\/li>\n<li>surasti ir u\u017esisakyti dokument\u0105 neapsilankius bibliotekoje, pasinaudojus internetu teikiama galimybe;<\/li>\n<li>matyti savo u\u017esakym\u0173 informacij\u0105 internete (kas u\u017esakyta, kas skaitoma, kada gr\u0105\u017einti ir pan.).<\/li>\n<\/ul>\n<p>Pla\u010diau apie elektronin\u012f katalog\u0105 galite paskaityti <a href=\"https:\/\/www.imobis.lt\/mobis-info\/elektroninis-katalogas\">\u010dia<\/a>.<\/p>\n","protected":false},"excerpt":{"rendered":"<p>MOBIS programin\u0117 \u012franga yra skirta nedidelei mokyklos ar organizacijos bibliotekai. \u0160i programin\u0117 \u012franga padeda pakeisti tradicinius bibliotekos darbo metodus, \u017eengti svarb\u0173 \u017eingsn\u012f \u012f informacini\u0173 technologij\u0173 am\u017ei\u0173 ir leid\u017eia visi\u0161kai automatizuoti bibliotekos darb\u0105: kataloguoti, komplektuoti fondus, aptarnauti skaitytojus, pateikti katalog\u0105 intranete ir internete, apskaityti ir valdyti visus bibliotekinio darbo procesus. Sistemos pagrindas &#8211; atvirojo kodo (angl. &hellip; <\/p>\n<p class=\"link-more\"><a href=\"https:\/\/www.imobis.lt\/mobis-info\/mobis-funkcionalumas\" class=\"more-link\">Toliau skaityti<span class=\"screen-reader-text\"> &#8222;MOBIS funkcionalumas&#8221;<\/span><\/a><\/p>\n","protected":false},"author":3,"featured_media":0,"parent":0,"menu_order":0,"comment_status":"closed","ping_status":"closed","template":"","meta":{"footnotes":""},"class_list":["post-189","page","type-page","status-publish","hentry"],"_links":{"self":[{"href":"https:\/\/www.imobis.lt\/mobis-info\/wp-json\/wp\/v2\/pages\/189","targetHints":{"allow":["GET"]}}],"collection":[{"href":"https:\/\/www.imobis.lt\/mobis-info\/wp-json\/wp\/v2\/pages"}],"about":[{"href":"https:\/\/www.imobis.lt\/mobis-info\/wp-json\/wp\/v2\/types\/page"}],"author":[{"embeddable":true,"href":"https:\/\/www.imobis.lt\/mobis-info\/wp-json\/wp\/v2\/users\/3"}],"replies":[{"embeddable":true,"href":"https:\/\/www.imobis.lt\/mobis-info\/wp-json\/wp\/v2\/comments?post=189"}],"version-history":[{"count":38,"href":"https:\/\/www.imobis.lt\/mobis-info\/wp-json\/wp\/v2\/pages\/189\/revisions"}],"predecessor-version":[{"id":333,"href":"https:\/\/www.imobis.lt\/mobis-info\/wp-json\/wp\/v2\/pages\/189\/revisions\/333"}],"wp:attachment":[{"href":"https:\/\/www.imobis.lt\/mobis-info\/wp-json\/wp\/v2\/media?parent=189"}],"curies":[{"name":"wp","href":"https:\/\/api.w.org\/{rel}","templated":true}]}}