{"id":77,"date":"2017-10-15T15:16:26","date_gmt":"2017-10-15T13:16:26","guid":{"rendered":"https:\/\/www.asseco.lt\/mobis-info\/?page_id=77"},"modified":"2017-11-08T11:12:22","modified_gmt":"2017-11-08T09:12:22","slug":"patarimai","status":"publish","type":"page","link":"https:\/\/www.imobis.lt\/mobis-info\/patarimai","title":{"rendered":"Patarimai"},"content":{"rendered":"<p>Patarimai skirti naudojantiems MOBIS versij\u0105 4.<\/p>\n<p><strong>Naudokite el. pa\u0161to adresus<\/strong><\/p>\n<p>Pagal galimyb\u0119 \u012fveskite kiekvienam bibliotekos skaitytojui (mokiniui, mokytojui) jo el. pa\u0161to adres\u0105. Tokiu b\u016bdu atsiras galimyb\u0117 informuoti skaitytojus apie pradelstas knygas. Taip pat skaitytojai elektroniniame kataloge patys gal\u0117s pasikeisti savo el. pa\u0161to adres\u0105.<\/p>\n<p><strong>Naudokite Lietuvos mokinio pa\u017eym\u0117jimus mokini\u0173 aptarnavimui<\/strong><\/p>\n<p>Jei mokiniai turi Lietuvos mokinio pa\u017eym\u0117jimus, ant kuri\u0173 yra br\u016bk\u0161ninis kodas, tuomet MOBIS programoje galite j\u012f priskirti kaip bilieto numer\u012f. I\u0161duodant knyg\u0105 arba vadov\u0117l\u012f mokiniui, pakaks nuskenuoti br\u016bk\u0161nin\u012f kod\u0105 nuo mokinio pa\u017eym\u0117jimo. Nor\u0117damas prisijungti prie elektroninio katalogo, mokinys tur\u0117s suvesti savo mokinio pa\u017eym\u0117jimo numer\u012f ir slapta\u017eod\u012f (slapta\u017eod\u012f galima pasikeisti prisijungus prie elektroninio katalogo).<\/p>\n<p><strong>Kopijuokite vadov\u0117li\u0173 apra\u0161us i\u0161 <a href=\"http:\/\/nbdb.libis.lt\/\" target=\"_blank\" rel=\"noopener\">Nacionalin\u0117s bibliografijos duomen\u0173 banko<\/a><\/strong><\/p>\n<p>Kopijuokite vadov\u0117li\u0173 apra\u0161us i\u0161 <a href=\"http:\/\/nbdb.libis.lt\/\" target=\"_blank\" rel=\"noopener\">Nacionalin\u0117s bibliografijos duomen\u0173 banko<\/a>, kuriame yra vis\u0173 Lietuvoje i\u0161leist\u0173 vadov\u0117li\u0173 apra\u0161ai. Patogiausias b\u016bdas surasti vadov\u0117l\u012f &#8211; atlikti paie\u0161k\u0105 pagal ISBN kod\u0105. Tuomet b\u016bsite tikri, kad tai tas vadov\u0117lis, kurio apra\u0161\u0105 norite \u012fsikelti \u012f savo vadov\u0117li\u0173 katalog\u0105. Kopijavimas galimas per z39.50 protokol\u0105. Meniu punktas Egzemplioriai -&gt; Vadov\u0117liai -&gt; z39.50 Vadov\u0117li\u0173 paie\u0161ka. Laukelyje \u201ePaie\u0161kos serveris\u201c pasirinkite \u201eNacionalin\u0117s bibliografijos duomen\u0173 bankas\u201c.<\/p>\n","protected":false},"excerpt":{"rendered":"<p>Patarimai skirti naudojantiems MOBIS versij\u0105 4. Naudokite el. pa\u0161to adresus Pagal galimyb\u0119 \u012fveskite kiekvienam bibliotekos skaitytojui (mokiniui, mokytojui) jo el. pa\u0161to adres\u0105. Tokiu b\u016bdu atsiras galimyb\u0117 informuoti skaitytojus apie pradelstas knygas. Taip pat skaitytojai elektroniniame kataloge patys gal\u0117s pasikeisti savo el. pa\u0161to adres\u0105. Naudokite Lietuvos mokinio pa\u017eym\u0117jimus mokini\u0173 aptarnavimui Jei mokiniai turi Lietuvos mokinio pa\u017eym\u0117jimus, &hellip; <\/p>\n<p class=\"link-more\"><a href=\"https:\/\/www.imobis.lt\/mobis-info\/patarimai\" class=\"more-link\">Toliau skaityti<span class=\"screen-reader-text\"> &#8222;Patarimai&#8221;<\/span><\/a><\/p>\n","protected":false},"author":3,"featured_media":0,"parent":0,"menu_order":0,"comment_status":"closed","ping_status":"closed","template":"","meta":{"footnotes":""},"class_list":["post-77","page","type-page","status-publish","hentry"],"_links":{"self":[{"href":"https:\/\/www.imobis.lt\/mobis-info\/wp-json\/wp\/v2\/pages\/77","targetHints":{"allow":["GET"]}}],"collection":[{"href":"https:\/\/www.imobis.lt\/mobis-info\/wp-json\/wp\/v2\/pages"}],"about":[{"href":"https:\/\/www.imobis.lt\/mobis-info\/wp-json\/wp\/v2\/types\/page"}],"author":[{"embeddable":true,"href":"https:\/\/www.imobis.lt\/mobis-info\/wp-json\/wp\/v2\/users\/3"}],"replies":[{"embeddable":true,"href":"https:\/\/www.imobis.lt\/mobis-info\/wp-json\/wp\/v2\/comments?post=77"}],"version-history":[{"count":12,"href":"https:\/\/www.imobis.lt\/mobis-info\/wp-json\/wp\/v2\/pages\/77\/revisions"}],"predecessor-version":[{"id":308,"href":"https:\/\/www.imobis.lt\/mobis-info\/wp-json\/wp\/v2\/pages\/77\/revisions\/308"}],"wp:attachment":[{"href":"https:\/\/www.imobis.lt\/mobis-info\/wp-json\/wp\/v2\/media?parent=77"}],"curies":[{"name":"wp","href":"https:\/\/api.w.org\/{rel}","templated":true}]}}